{"id":1002,"date":"2024-05-10T14:36:04","date_gmt":"2024-05-10T14:36:04","guid":{"rendered":"https:\/\/magma.ee\/privaatsuspoliitika\/"},"modified":"2024-05-24T21:17:09","modified_gmt":"2024-05-24T21:17:09","slug":"privacy-policy","status":"publish","type":"page","link":"https:\/\/magma.ee\/et\/privacy-policy\/","title":{"rendered":"Privaatsuspoliitika"},"content":{"rendered":"\n<p>Viimati uuendatud: 10. mai 2024\r\nJ\u00f5ustumise kuup\u00e4ev: 10. mai 2024<\/p>\n\n\n\n<p>K\u00e4esolev Privaatsuspoliitika kirjeldab Magma poliitikat, aadressil Puuvilla 19, Tallinn 10314, Eesti, e-post: <a href=\"mailto:info@magma.ee\">info@magma.ee<\/a>, telefon: <a href=\"tel:+3726619402\">(+372) 6619402<\/a> teie teabe kogumisel, kasutamisel ja avalikustamisel, kui kasutate meie veebisaiti ( <a href=\"https:\/\/magma.ee\/et\/\">magma.ee<\/a> ). (the \u201eTeenust\u201c). Teenusele juurdep\u00e4\u00e4su saamisega v\u00f5i selle kasutamisega n\u00f5ustute oma teabe kogumise, kasutamise ja avalikustamisega vastavalt k\u00e4esolevale Privaatsuspoliitikale. Kui te ei n\u00f5ustu sellega, palun \u00e4rge kasutage ega p\u00e4\u00e4sege Teenusele juurde.<\/p>\n\n\n\n<p>Me v\u00f5ime seda Privaatsuspoliitikat igal ajal muuta ilma teile eelnevat teatamata ning postitame muudetud Privaatsuspoliitika Teenusesse. Muudetud poliitika j\u00f5ustub 180 p\u00e4eva p\u00e4rast selle Teenusesse postitamist ja teie pidev juurdep\u00e4\u00e4s v\u00f5i Teenuse kasutamine p\u00e4rast seda aega t\u00e4hendab teie n\u00f5ustumist muudetud Privaatsuspoliitikaga. Seet\u00f5ttu soovitame teil seda lehte perioodiliselt \u00fcle vaadata.<\/p>\n\n\n\n<h2 class=\"wp-block-heading\">Kuidas me teie teavet kasutame:<\/h2>\n\n\n\n<p>Kasutame teie kohta kogutud teavet j\u00e4rgmistel eesm\u00e4rkidel:<\/p>\n\n\n\n<ol class=\"wp-block-list\">\n<li>Turundus\/Reklaam<\/li>\n\n\n\n<li>Soovitused<\/li>\n\n\n\n<li>Administratiivne info<\/li>\n\n\n\n<li>Sihtotstarbeline reklaam<\/li>\n\n\n\n<li>Vaidluste lahendamine<\/li>\n<\/ol>\n\n\n\n<p>Kui soovime teie teavet kasutada muul eesm\u00e4rgil, k\u00fcsime teilt n\u00f5usolekut ja kasutame teie teavet ainult p\u00e4rast teie n\u00f5usoleku saamist ning ainult neil eesm\u00e4rkidel, milleks olete n\u00f5usoleku andnud, v\u00e4lja arvatud juhul, kui seadus n\u00f5uab teisiti.<\/p>\n\n\n\n<h2 class=\"wp-block-heading\">Teie \u00f5igused:<\/h2>\n\n\n\n<p>S\u00f5ltuvalt kohaldatavast seadusest v\u00f5ib teil olla \u00f5igus p\u00e4\u00e4seda ligi ja parandada v\u00f5i kustutada oma isikuandmeid v\u00f5i saada oma isikuandmetest koopia, piirata v\u00f5i esitada vastuv\u00e4iteid oma andmete aktiivsele t\u00f6\u00f6tlemisele, paluda meil jagada (edastada) teie isikuandmeid teisele ettev\u00f5ttele, tagasi v\u00f5tta mis tahes n\u00f5usolek, mille olete meile andnud oma andmete t\u00f6\u00f6tlemiseks, \u00f5igus esitada kaebus asutusele ja muud \u00f5igused, mis v\u00f5ivad olla asjakohased kohaldatavate seaduste kohaselt. Nende \u00f5iguste kasutamiseks v\u00f5ite meile kirjutada aadressil <a href=\"mailto:info@magma.ee\">info@magma.ee<\/a>. Vastame teie taotlusele vastavalt kohaldatavale seadusele.<\/p>\n\n\n\n<p>Pange t\u00e4hele, et kui te ei luba meil koguda v\u00f5i t\u00f6\u00f6delda vajalikku isikuandmeid v\u00f5i v\u00f5tate tagasi n\u00f5usoleku selliste andmete t\u00f6\u00f6tlemiseks vajalikel eesm\u00e4rkidel, ei pruugi te saada juurdep\u00e4\u00e4su teenustele v\u00f5i kasutada teenuseid, mille jaoks teie teavet k\u00fcsiti.<\/p>\n\n\n\n<h2 class=\"wp-block-heading\">K\u00fcpsised jms:<\/h2>\n\n\n\n<p>Lisateavet selle kohta, kuidas me neid ja teie valikuid seoses nende j\u00e4lgimistehnoloogiatega kasutame, leiate meie <a href=\"https:\/\/magma.ee\/et\/kupsiste-kasutamise-poliitika\/\">K\u00fcpsiste Poliitikast.<\/a><\/p>\n\n\n\n<h2 class=\"wp-block-heading\">Turvalisus:<\/h2>\n\n\n\n<p>Teie teabe turvalisus on meile oluline ja me kasutame m\u00f5istlikke turvameetmeid, et v\u00e4ltida teie teabe kaotust, v\u00e4\u00e4rkasutust v\u00f5i volitamata muutmist meie kontrolli all. Siiski, arvestades kaasas\u00fcndinud riske, ei saa me tagada absoluutset turvalisust ja seet\u00f5ttu ei saa me tagada ega garanteerida \u00fchegi teie meile edastatud teabe turvalisust ning teete seda oma riskil.<\/p>\n\n\n\n<h2 class=\"wp-block-heading\">Kaebuste \/ Andmekaitseametnik:<\/h2>\n\n\n\n<p>Kui teil on k\u00fcsimusi v\u00f5i muresid seoses teie teabega, mis meil on, v\u00f5ite kirjutada meie kaebuste ametnikule Magma juures, Puuvilla 19, Tallinn 10314, Eesti, e-post: <a href=\"mailto:info@magma.ee\">info@magma.ee<\/a>. Me k\u00e4sitleme teie muresid vastavalt kohaldatavale seadusele.<\/p>\n\n\n\n<div style=\"height:50px\" aria-hidden=\"true\" class=\"wp-block-spacer\"><\/div>\n","protected":false},"excerpt":{"rendered":"<p>Viimati uuendatud: 10. mai 2024 J\u00f5ustumise kuup\u00e4ev: 10. mai 2024 K\u00e4esolev Privaatsuspoliitika kirjeldab Magma poliitikat, aadressil Puuvilla 19, Tallinn 10314, Eesti, e-post: info@magma.ee, telefon: (+372) 6619402 teie teabe kogumisel, kasutamisel ja avalikustamisel, kui kasutate meie veebisaiti ( magma.ee ). (the \u201eTeenust\u201c). Teenusele juurdep\u00e4\u00e4su saamisega v\u00f5i selle kasutamisega n\u00f5ustute oma teabe kogumise, kasutamise ja avalikustamisega vastavalt [&hellip;]<\/p>\n","protected":false},"author":6,"featured_media":0,"parent":0,"menu_order":0,"comment_status":"closed","ping_status":"closed","template":"","meta":{"footnotes":""},"class_list":["post-1002","page","type-page","status-publish","hentry"],"_links":{"self":[{"href":"https:\/\/magma.ee\/et\/wp-json\/wp\/v2\/pages\/1002","targetHints":{"allow":["GET"]}}],"collection":[{"href":"https:\/\/magma.ee\/et\/wp-json\/wp\/v2\/pages"}],"about":[{"href":"https:\/\/magma.ee\/et\/wp-json\/wp\/v2\/types\/page"}],"author":[{"embeddable":true,"href":"https:\/\/magma.ee\/et\/wp-json\/wp\/v2\/users\/6"}],"replies":[{"embeddable":true,"href":"https:\/\/magma.ee\/et\/wp-json\/wp\/v2\/comments?post=1002"}],"version-history":[{"count":2,"href":"https:\/\/magma.ee\/et\/wp-json\/wp\/v2\/pages\/1002\/revisions"}],"predecessor-version":[{"id":1035,"href":"https:\/\/magma.ee\/et\/wp-json\/wp\/v2\/pages\/1002\/revisions\/1035"}],"wp:attachment":[{"href":"https:\/\/magma.ee\/et\/wp-json\/wp\/v2\/media?parent=1002"}],"curies":[{"name":"wp","href":"https:\/\/api.w.org\/{rel}","templated":true}]}}