{"id":991,"date":"2024-05-10T13:55:40","date_gmt":"2024-05-10T13:55:40","guid":{"rendered":"https:\/\/magma.ee\/kupsiste-kasutamise-poliitika\/"},"modified":"2024-05-11T08:49:46","modified_gmt":"2024-05-11T08:49:46","slug":"cookie-policy","status":"publish","type":"page","link":"https:\/\/magma.ee\/et\/cookie-policy\/","title":{"rendered":"K\u00fcpsiste kasutamise poliitika"},"content":{"rendered":"<div class=\"cli_pg_page_container\">\n<h3><strong>Selle k\u00fcpsiste kasutamise poliitika kohta<\/strong><\/h3>\n<div>\n<p>See k\u00fcpsiste poliitika selgitab, mis on k\u00fcpsised ja kuidas me neid kasutame, milliseid k\u00fcpsiseid me kasutame, st millist teavet me k\u00fcpsiste abil kogume ja kuidas seda teavet kasutatakse ning kuidas k\u00fcpsiste eelistusi kontrollida. Lisateabe saamiseks selle kohta, kuidas me teie isikuandmeid kasutame, salvestame ja kaitseme, vaadake meie privaatsuspoliitikat.<\/p>\n<p>Te v\u00f5ite igal ajal muuta v\u00f5i t\u00fchistada oma n\u00f5usoleku k\u00fcpsiste deklaratsioonile meie veebisaidil. Lisateavet selle kohta, kes me oleme, kuidas te meiega \u00fchendust v\u00f5tta saate ja kuidas me isikuandmeid t\u00f6\u00f6tleme, leiate meie privaatsuspoliitikast. Teie n\u00f5usolek kehtib j\u00e4rgmiste domeenide kohta: magma.ee.<br \/>\n<div class=\"cli_user_consent_state\">Teie praegune seisund: N\u00f5usolekut ei antud. <a class=\"cli_manage_current_consent\" style=\"cursor:pointer;text-decoration:underline;\">Halda oma n\u00f5usolekut.<\/a> <\/div><\/p>\n<\/div>\n<h3><strong>Mis on k\u00fcpsised?<\/strong><\/h3>\n<div>K\u00fcpsised on v\u00e4ikesed tekstifailid, mida kasutatakse v\u00e4ikese hulga teabe salvestamiseks. Need salvestatakse teie seadmesse, kui veebileht laaditakse teie brauserisse. Need k\u00fcpsised aitavad meil veebisaiti korralikult toimida, muuta see turvalisemaks, pakkuda paremat kasutajakogemust ja m\u00f5ista, kuidas veebisait toimib ning anal\u00fc\u00fcsida, mis toimib ja kus on vaja parendamist.<\/div>\n<h3><strong>Kuidas me k\u00fcpsiseid kasutame?<\/strong><\/h3>\n<div>\n<p>Nagu enamik veebiteenuseid, kasutab meie veebisait mitmel eesm\u00e4rgil esimese ja kolmanda osapoole k\u00fcpsiseid. Esimese osapoole k\u00fcpsised on enamasti vajalikud veebisaidi \u00f5igeks toimimiseks ja need ei kogu teie isikut tuvastavaid andmeid.<\/p>\n<p>Meie veebisaidil kasutatavad kolmanda osapoole k\u00fcpsised on peamiselt m\u00f5eldud selleks, et m\u00f5ista, kuidas veebisait toimib, kuidas te meie veebisaidiga suhtlete, hoida meie teenused turvalisena, pakkuda teile asjakohast reklaami ning \u00fcldiselt pakkuda teile paremat ja t\u00e4iustatud kasutajakogemust ning aidata kiirendada teie tulevasi suhtlusi meie veebisaidiga.<\/p>\n<\/div>\n<h3><strong>Milliseid k\u00fcpsiseid me kasutame?<\/strong><\/h3>\n<div>\n<p><strong>H\u00e4davajalikud<\/strong>: M\u00f5ned k\u00fcpsised on h\u00e4davajalikud, et saaksite kogeda meie saidi t\u00e4ielikku funktsionaalsust. Need v\u00f5imaldavad meil hoida kasutajasessioone ja \u00e4ra hoida turvaohte. Need ei kogu ega salvesta isiklikku teavet. N\u00e4iteks v\u00f5imaldavad need k\u00fcpsised teil sisse logida oma kontole, lisada tooteid ostukorvi ja turvaliselt v\u00e4lja registreerida.<\/p>\n<p><strong>Statistika<\/strong>: Need k\u00fcpsised salvestavad teavet nagu veebisaidi k\u00fclastajate arv, unikaalsete k\u00fclastajate arv, milliseid veebisaidi lehti on k\u00fclastatud, k\u00fclastuse allikas jne. Need andmed aitavad meil m\u00f5ista ja anal\u00fc\u00fcsida, kui h\u00e4sti veebisait toimib ja kus on vaja parendusi.<\/p>\n<p><strong>Turundus<\/strong>: Meie veebisait kuvab reklaame. Neid k\u00fcpsiseid kasutatakse reklaamide isikup\u00e4rastamiseks, mida me teile n\u00e4itame, et need oleksid teile t\u00e4hendusrikkad. Need k\u00fcpsised aitavad meil ka j\u00e4lgida nende reklaamikampaaniate t\u00f5husust. Nendes k\u00fcpsistes salvestatud teavet v\u00f5ivad kasutada ka kolmandate osapoolte reklaamipakkujad, et n\u00e4idata teile reklaame teistel veebisaitidel brauseris.<\/p>\n<p><strong>Funktsionaalsed<\/strong>: Need on k\u00fcpsised, mis aitavad teatud mitteh\u00e4davajalikel funktsionaalsustel meie veebisaidil. Need funktsionaalsused h\u00f5lmavad sisu, nagu videod, manustamist v\u00f5i veebisaidi sisu jagamist sotsiaalmeedia platvormidel.<\/p>\n<p><strong>Eelistused<\/strong>: Need k\u00fcpsised aitavad meil salvestada teie seaded ja sirvimiseelistused, nagu keele eelistused, et teie tulevased k\u00fclastused oleksid paremad ja t\u00f5husamad.<br \/>\n<\/p>\n<\/div>\n<h3><strong>Kuidas ma saan k\u00fcpsiste eelistusi kontrollida?<\/strong><\/h3>\n<div>\n<p>Kui otsustate hiljem oma eelistusi muuta sirvimise ajal, saate kl\u00f5psata ekraanil vahekaardil \u201eHallake n\u00f5usolekut\u201c. See kuvab uuesti n\u00f5usoleku teatise, v\u00f5imaldades teil muuta oma eelistusi v\u00f5i t\u00fchistada oma n\u00f5usolek t\u00e4ielikult.<\/p>\n<p>Lisaks pakuvad erinevad brauserid erinevaid meetodeid veebisaitide kasutatavate k\u00fcpsiste blokeerimiseks ja kustutamiseks. Saate muuta oma brauseri seadeid, et blokeerida\/kustutada k\u00fcpsiseid. K\u00fcpsiste haldamise ja kustutamise kohta lisateabe saamiseks k\u00fclastage veebisaite wikipedia.org, <a href=\"http:\/\/www.allaboutcookies.org\/\" target=\"_new\" rel=\"noreferrer noopener\">www.allaboutcookies.org<\/a>.<\/p>\n<\/div>\n<\/div>\n\n\n<div style=\"height:50px\" aria-hidden=\"true\" class=\"wp-block-spacer\"><\/div>\n","protected":false},"excerpt":{"rendered":"<p>Selle k\u00fcpsiste kasutamise poliitika kohta See k\u00fcpsiste poliitika selgitab, mis on k\u00fcpsised ja kuidas me neid kasutame, milliseid k\u00fcpsiseid me kasutame, st millist teavet me k\u00fcpsiste abil kogume ja kuidas seda teavet kasutatakse ning kuidas k\u00fcpsiste eelistusi kontrollida. Lisateabe saamiseks selle kohta, kuidas me teie isikuandmeid kasutame, salvestame ja kaitseme, vaadake meie privaatsuspoliitikat. Te v\u00f5ite [&hellip;]<\/p>\n","protected":false},"author":6,"featured_media":0,"parent":0,"menu_order":0,"comment_status":"closed","ping_status":"closed","template":"","meta":{"footnotes":""},"class_list":["post-991","page","type-page","status-publish","hentry"],"_links":{"self":[{"href":"https:\/\/magma.ee\/et\/wp-json\/wp\/v2\/pages\/991","targetHints":{"allow":["GET"]}}],"collection":[{"href":"https:\/\/magma.ee\/et\/wp-json\/wp\/v2\/pages"}],"about":[{"href":"https:\/\/magma.ee\/et\/wp-json\/wp\/v2\/types\/page"}],"author":[{"embeddable":true,"href":"https:\/\/magma.ee\/et\/wp-json\/wp\/v2\/users\/6"}],"replies":[{"embeddable":true,"href":"https:\/\/magma.ee\/et\/wp-json\/wp\/v2\/comments?post=991"}],"version-history":[{"count":3,"href":"https:\/\/magma.ee\/et\/wp-json\/wp\/v2\/pages\/991\/revisions"}],"predecessor-version":[{"id":1023,"href":"https:\/\/magma.ee\/et\/wp-json\/wp\/v2\/pages\/991\/revisions\/1023"}],"wp:attachment":[{"href":"https:\/\/magma.ee\/et\/wp-json\/wp\/v2\/media?parent=991"}],"curies":[{"name":"wp","href":"https:\/\/api.w.org\/{rel}","templated":true}]}}